{"id":18,"date":"2025-08-08T20:02:35","date_gmt":"2025-08-08T20:02:35","guid":{"rendered":"https:\/\/clickresearchec.com\/?page_id=18"},"modified":"2026-04-20T08:56:54","modified_gmt":"2026-04-20T14:56:54","slug":"click-report","status":"publish","type":"page","link":"https:\/\/clickresearchec.com\/index.php\/click-report\/","title":{"rendered":"Click Report"},"content":{"rendered":"\t\t<div data-elementor-type=\"wp-post\" data-elementor-id=\"18\" class=\"elementor elementor-18\" data-elementor-post-type=\"page\">\n\t\t\t\t<div class=\"elementor-element elementor-element-b737c56 e-flex e-con-boxed e-con e-parent\" data-id=\"b737c56\" data-element_type=\"container\" data-e-type=\"container\">\n\t\t\t\t\t<div class=\"e-con-inner\">\n\t\t\t\t<div class=\"elementor-element elementor-element-a2d99ba elementor-widget elementor-widget-heading\" data-id=\"a2d99ba\" data-element_type=\"widget\" data-e-type=\"widget\" data-widget_type=\"heading.default\">\n\t\t\t\t\t<h2 class=\"elementor-heading-title elementor-size-default\">\u00bfQu\u00e9 es Click Report?<\/h2>\t\t\t\t<\/div>\n\t\t\t\t\t<\/div>\n\t\t\t\t<\/div>\n\t\t<div class=\"elementor-element elementor-element-f1b9161 e-flex e-con-boxed e-con e-parent\" data-id=\"f1b9161\" data-element_type=\"container\" data-e-type=\"container\">\n\t\t\t\t\t<div class=\"e-con-inner\">\n\t\t\t\t<div class=\"elementor-element elementor-element-35ef45c elementor-widget elementor-widget-text-editor\" data-id=\"35ef45c\" data-element_type=\"widget\" data-e-type=\"widget\" data-widget_type=\"text-editor.default\">\n\t\t\t\t\t\t\t\t\t<p data-start=\"106\" data-end=\"357\">El <strong data-start=\"109\" data-end=\"125\">Click Report<\/strong> es un informe elaborado por Click Research que presenta informaci\u00f3n confiable y actualizada sobre la percepci\u00f3n de los ciudadanos respecto a instituciones p\u00fablicas, gesti\u00f3n gubernamental y temas de relevancia social y coyuntural.<\/p><p data-start=\"359\" data-end=\"544\">Proporciona datos que permiten comprender mejor <strong>el comportamiento y la opini\u00f3n de los ecuatorianos<\/strong>, apoyando la toma de decisiones estrat\u00e9gicas basadas en informaci\u00f3n<strong> real y objetiva.<\/strong><\/p>\t\t\t\t\t\t\t\t<\/div>\n\t\t\t\t\t<\/div>\n\t\t\t\t<\/div>\n\t\t<div class=\"elementor-element elementor-element-e772796 elementor-hidden-desktop elementor-hidden-tablet elementor-hidden-mobile e-flex e-con-boxed e-con e-parent\" data-id=\"e772796\" data-element_type=\"container\" data-e-type=\"container\">\n\t\t\t\t\t<div class=\"e-con-inner\">\n\t\t\t\t<div class=\"elementor-element elementor-element-3a0f5a1 elementor-hidden-mobile elementor-widget elementor-widget-html\" data-id=\"3a0f5a1\" data-element_type=\"widget\" data-e-type=\"widget\" data-widget_type=\"html.default\">\n\t\t\t\t\t<iframe src=\"https:\/\/clickresearchec.com\/wp-content\/uploads\/2026\/03\/CLICK_REPORT_ENERO_2026.pdf\"\r\n        width=\"100%\" height=\"800px\" style=\"border:none;\">\r\n    Este navegador no puede mostrar PDFs. Desc\u00e1rgalo aqu\u00ed:\r\n    <a href=\"https:\/\/clickresearchec.com\/wp-content\/uploads\/2025\/10\/Click-Report-Ooctubre-2025.pdf\" target=\"_blank\">Click Report Octubre 2025 (PDF)<\/a>.\r\n<\/iframe>\r\n\t\t\t\t<\/div>\n\t\t\t\t\t<\/div>\n\t\t\t\t<\/div>\n\t\t<div class=\"elementor-element elementor-element-4544200 e-flex e-con-boxed e-con e-parent\" data-id=\"4544200\" data-element_type=\"container\" data-e-type=\"container\">\n\t\t\t\t\t<div class=\"e-con-inner\">\n\t\t\t\t<div class=\"elementor-element elementor-element-1ac55fd elementor-widget elementor-widget-shortcode\" data-id=\"1ac55fd\" data-element_type=\"widget\" data-e-type=\"widget\" data-widget_type=\"shortcode.default\">\n\t\t\t\t\t\t\t<div class=\"elementor-shortcode\"><\/div>\n\t\t\t\t\t\t<\/div>\n\t\t\t\t\t<\/div>\n\t\t\t\t<\/div>\n\t\t\t\t<\/div>\n\t\t","protected":false},"excerpt":{"rendered":"<p>\u00bfQu\u00e9 es Click Report? El Click Report es un informe elaborado por Click Research que presenta informaci\u00f3n confiable y actualizada sobre la percepci\u00f3n de los ciudadanos respecto a instituciones p\u00fablicas, gesti\u00f3n gubernamental y temas de relevancia social y coyuntural. Proporciona datos que permiten comprender mejor el comportamiento y la opini\u00f3n de los ecuatorianos, apoyando la [&hellip;]<\/p>\n","protected":false},"author":1,"featured_media":0,"parent":0,"menu_order":0,"comment_status":"closed","ping_status":"closed","template":"","meta":{"footnotes":""},"class_list":["post-18","page","type-page","status-publish","hentry"],"yoast_head":"<!-- This site is optimized with the Yoast SEO plugin v27.4 - https:\/\/yoast.com\/product\/yoast-seo-wordpress\/ -->\n<title>Click Report - Click Research<\/title>\n<meta name=\"robots\" content=\"index, follow, max-snippet:-1, max-image-preview:large, max-video-preview:-1\" \/>\n<link rel=\"canonical\" href=\"https:\/\/clickresearchec.com\/index.php\/click-report\/\" \/>\n<meta property=\"og:locale\" content=\"es_ES\" \/>\n<meta property=\"og:type\" content=\"article\" \/>\n<meta property=\"og:title\" content=\"Click Report - Click Research\" \/>\n<meta property=\"og:description\" content=\"\u00bfQu\u00e9 es Click Report? El Click Report es un informe elaborado por Click Research que presenta informaci\u00f3n confiable y actualizada sobre la percepci\u00f3n de los ciudadanos respecto a instituciones p\u00fablicas, gesti\u00f3n gubernamental y temas de relevancia social y coyuntural. Proporciona datos que permiten comprender mejor el comportamiento y la opini\u00f3n de los ecuatorianos, apoyando la [&hellip;]\" \/>\n<meta property=\"og:url\" content=\"https:\/\/clickresearchec.com\/index.php\/click-report\/\" \/>\n<meta property=\"og:site_name\" content=\"Click Research\" \/>\n<meta property=\"article:modified_time\" content=\"2026-04-20T14:56:54+00:00\" \/>\n<meta name=\"twitter:card\" content=\"summary_large_image\" \/>\n<meta name=\"twitter:label1\" content=\"Tiempo de lectura\" \/>\n\t<meta name=\"twitter:data1\" content=\"1 minuto\" \/>\n<script type=\"application\/ld+json\" class=\"yoast-schema-graph\">{\"@context\":\"https:\\\/\\\/schema.org\",\"@graph\":[{\"@type\":\"WebPage\",\"@id\":\"https:\\\/\\\/clickresearchec.com\\\/index.php\\\/click-report\\\/\",\"url\":\"https:\\\/\\\/clickresearchec.com\\\/index.php\\\/click-report\\\/\",\"name\":\"Click Report - Click Research\",\"isPartOf\":{\"@id\":\"https:\\\/\\\/clickresearchec.com\\\/#website\"},\"datePublished\":\"2025-08-08T20:02:35+00:00\",\"dateModified\":\"2026-04-20T14:56:54+00:00\",\"breadcrumb\":{\"@id\":\"https:\\\/\\\/clickresearchec.com\\\/index.php\\\/click-report\\\/#breadcrumb\"},\"inLanguage\":\"es\",\"potentialAction\":[{\"@type\":\"ReadAction\",\"target\":[\"https:\\\/\\\/clickresearchec.com\\\/index.php\\\/click-report\\\/\"]}]},{\"@type\":\"BreadcrumbList\",\"@id\":\"https:\\\/\\\/clickresearchec.com\\\/index.php\\\/click-report\\\/#breadcrumb\",\"itemListElement\":[{\"@type\":\"ListItem\",\"position\":1,\"name\":\"Portada\",\"item\":\"https:\\\/\\\/clickresearchec.com\\\/\"},{\"@type\":\"ListItem\",\"position\":2,\"name\":\"Click Report\"}]},{\"@type\":\"WebSite\",\"@id\":\"https:\\\/\\\/clickresearchec.com\\\/#website\",\"url\":\"https:\\\/\\\/clickresearchec.com\\\/\",\"name\":\"Click Research\",\"description\":\"Estudios de mercado Click Research\",\"potentialAction\":[{\"@type\":\"SearchAction\",\"target\":{\"@type\":\"EntryPoint\",\"urlTemplate\":\"https:\\\/\\\/clickresearchec.com\\\/?s={search_term_string}\"},\"query-input\":{\"@type\":\"PropertyValueSpecification\",\"valueRequired\":true,\"valueName\":\"search_term_string\"}}],\"inLanguage\":\"es\"}]}<\/script>\n<!-- \/ Yoast SEO plugin. -->","yoast_head_json":{"title":"Click Report - Click Research","robots":{"index":"index","follow":"follow","max-snippet":"max-snippet:-1","max-image-preview":"max-image-preview:large","max-video-preview":"max-video-preview:-1"},"canonical":"https:\/\/clickresearchec.com\/index.php\/click-report\/","og_locale":"es_ES","og_type":"article","og_title":"Click Report - Click Research","og_description":"\u00bfQu\u00e9 es Click Report? El Click Report es un informe elaborado por Click Research que presenta informaci\u00f3n confiable y actualizada sobre la percepci\u00f3n de los ciudadanos respecto a instituciones p\u00fablicas, gesti\u00f3n gubernamental y temas de relevancia social y coyuntural. Proporciona datos que permiten comprender mejor el comportamiento y la opini\u00f3n de los ecuatorianos, apoyando la [&hellip;]","og_url":"https:\/\/clickresearchec.com\/index.php\/click-report\/","og_site_name":"Click Research","article_modified_time":"2026-04-20T14:56:54+00:00","twitter_card":"summary_large_image","twitter_misc":{"Tiempo de lectura":"1 minuto"},"schema":{"@context":"https:\/\/schema.org","@graph":[{"@type":"WebPage","@id":"https:\/\/clickresearchec.com\/index.php\/click-report\/","url":"https:\/\/clickresearchec.com\/index.php\/click-report\/","name":"Click Report - Click Research","isPartOf":{"@id":"https:\/\/clickresearchec.com\/#website"},"datePublished":"2025-08-08T20:02:35+00:00","dateModified":"2026-04-20T14:56:54+00:00","breadcrumb":{"@id":"https:\/\/clickresearchec.com\/index.php\/click-report\/#breadcrumb"},"inLanguage":"es","potentialAction":[{"@type":"ReadAction","target":["https:\/\/clickresearchec.com\/index.php\/click-report\/"]}]},{"@type":"BreadcrumbList","@id":"https:\/\/clickresearchec.com\/index.php\/click-report\/#breadcrumb","itemListElement":[{"@type":"ListItem","position":1,"name":"Portada","item":"https:\/\/clickresearchec.com\/"},{"@type":"ListItem","position":2,"name":"Click Report"}]},{"@type":"WebSite","@id":"https:\/\/clickresearchec.com\/#website","url":"https:\/\/clickresearchec.com\/","name":"Click Research","description":"Estudios de mercado Click Research","potentialAction":[{"@type":"SearchAction","target":{"@type":"EntryPoint","urlTemplate":"https:\/\/clickresearchec.com\/?s={search_term_string}"},"query-input":{"@type":"PropertyValueSpecification","valueRequired":true,"valueName":"search_term_string"}}],"inLanguage":"es"}]}},"_links":{"self":[{"href":"https:\/\/clickresearchec.com\/index.php\/wp-json\/wp\/v2\/pages\/18","targetHints":{"allow":["GET"]}}],"collection":[{"href":"https:\/\/clickresearchec.com\/index.php\/wp-json\/wp\/v2\/pages"}],"about":[{"href":"https:\/\/clickresearchec.com\/index.php\/wp-json\/wp\/v2\/types\/page"}],"author":[{"embeddable":true,"href":"https:\/\/clickresearchec.com\/index.php\/wp-json\/wp\/v2\/users\/1"}],"replies":[{"embeddable":true,"href":"https:\/\/clickresearchec.com\/index.php\/wp-json\/wp\/v2\/comments?post=18"}],"version-history":[{"count":77,"href":"https:\/\/clickresearchec.com\/index.php\/wp-json\/wp\/v2\/pages\/18\/revisions"}],"predecessor-version":[{"id":1132,"href":"https:\/\/clickresearchec.com\/index.php\/wp-json\/wp\/v2\/pages\/18\/revisions\/1132"}],"wp:attachment":[{"href":"https:\/\/clickresearchec.com\/index.php\/wp-json\/wp\/v2\/media?parent=18"}],"curies":[{"name":"wp","href":"https:\/\/api.w.org\/{rel}","templated":true}]}}